{"id":520,"date":"2026-03-22T19:30:00","date_gmt":"2026-03-22T18:30:00","guid":{"rendered":"https:\/\/comptronic.se\/?page_id=520"},"modified":"2026-04-22T12:48:58","modified_gmt":"2026-04-22T11:48:58","slug":"ledningssystem-kvalitet-och-miljo","status":"publish","type":"page","link":"https:\/\/comptronic.se\/en\/ledningssystem-kvalitet-och-miljo\/","title":{"rendered":"Quality and environmental management system"},"content":{"rendered":"<div data-elementor-type=\"wp-page\" data-elementor-id=\"520\" class=\"elementor elementor-520\" data-elementor-post-type=\"page\">\n\t\t\t\t<div class=\"elementor-element elementor-element-8ef414d e-con-full e-flex e-con e-parent\" data-id=\"8ef414d\" data-element_type=\"container\" data-e-type=\"container\" data-settings=\"{&quot;background_background&quot;:&quot;classic&quot;}\">\n\t\t\t\t<div class=\"elementor-element elementor-element-de48e7c elementor-widget elementor-widget-heading\" data-id=\"de48e7c\" data-element_type=\"widget\" data-e-type=\"widget\" data-widget_type=\"heading.default\">\n\t\t\t\t\t<h1 class=\"elementor-heading-title elementor-size-default\">Quality and environment in our processes and deliveries<\/h1>\t\t\t\t<\/div>\n\t\t\t\t<div class=\"elementor-element elementor-element-34064cc elementor-widget elementor-widget-heading\" data-id=\"34064cc\" data-element_type=\"widget\" data-e-type=\"widget\" data-widget_type=\"heading.default\">\n\t\t\t\t\t<h2 class=\"elementor-heading-title elementor-size-default\">For Comptronic, quality and environmental considerations are a natural part of how we work - from the choice of components to delivery and follow-up.\n\nThrough established processes and ISO-certified management systems, we ensure that our solutions fulfil high standards of both function and responsibility.<\/h2>\t\t\t\t<\/div>\n\t\t\t\t<div class=\"elementor-element elementor-element-d3ed0ba elementor-widget elementor-widget-image\" data-id=\"d3ed0ba\" data-element_type=\"widget\" data-e-type=\"widget\" data-widget_type=\"image.default\">\n\t\t\t\t\t\t\t\t\t\t\t\t\t\t\t<img decoding=\"async\" width=\"258\" height=\"113\" src=\"https:\/\/comptronic.se\/wp-content\/uploads\/2026\/03\/ISO-bilder.png\" class=\"attachment-large size-large wp-image-258\" alt=\"\" \/>\t\t\t\t\t\t\t\t\t\t\t\t\t\t\t<\/div>\n\t\t\t\t<\/div>\n\t\t<div class=\"elementor-element elementor-element-38d3f6a e-con-full e-flex e-con e-parent\" data-id=\"38d3f6a\" data-element_type=\"container\" data-e-type=\"container\" data-settings=\"{&quot;background_background&quot;:&quot;classic&quot;}\">\n\t\t<div class=\"elementor-element elementor-element-f861bc2 e-con-full e-flex e-con e-child\" data-id=\"f861bc2\" data-element_type=\"container\" data-e-type=\"container\">\n\t\t\t\t<div class=\"elementor-element elementor-element-bd392f0 elementor-widget elementor-widget-heading\" data-id=\"bd392f0\" data-element_type=\"widget\" data-e-type=\"widget\" data-widget_type=\"heading.default\">\n\t\t\t\t\t<h2 class=\"elementor-heading-title elementor-size-default\">ISO 9001 and 14001<\/h2>\t\t\t\t<\/div>\n\t\t\t\t<div class=\"elementor-element elementor-element-68b599b elementor-widget elementor-widget-text-editor\" data-id=\"68b599b\" data-element_type=\"widget\" data-e-type=\"widget\" data-widget_type=\"text-editor.default\">\n\t\t\t\t\t\t\t\t\t<p><span data-contrast=\"auto\">In late 2023, Comptronic took new steps in its sustainability work. We needed both third-party certification for quality and the environment and to strengthen our organisation. The move to modern premises at Vasakronan in central Stockholm was an important part of the solution. The central location reduced our need for a car and gave us easy access to public transport and services within walking distance.<\/span><\/p><p><span data-contrast=\"auto\">The collaboration with Vasakronan will give us access to renewable electricity labelled with the Good Environmental Choice label, energy-efficient heating and a well-functioning recycling and logistics support system. The building is already certified according to the global environmental certification system LEED at silver level, and Vasakronan is now working purposefully to reach the gold level.<\/span><\/p><p><span data-contrast=\"auto\">LEED certification is an international acknowledgement that a building fulfils high standards of environmentally friendly design, construction, operation and maintenance. This strengthens our work towards climate neutrality by 2030 and contributes to a more sustainable everyday life.<\/span><\/p><p><span data-contrast=\"auto\">At the same time, Comptronic continues to offer long-lasting and energy-efficient components - from high-efficiency power supplies to ultra-low power sensors. Our European component manufacturers and modular solutions contribute to reduced losses, longer lifetime and easier service for our customers. In this way, we make a difference both in our own operations and at our customers' sites.<\/span><span data-ccp-props=\"{&quot;201341983&quot;:0,&quot;335559740&quot;:259}\">\u00a0<\/span><\/p>\t\t\t\t\t\t\t\t<\/div>\n\t\t\t\t<\/div>\n\t\t<div class=\"elementor-element elementor-element-30e2d71 e-con-full e-flex e-con e-child\" data-id=\"30e2d71\" data-element_type=\"container\" data-e-type=\"container\">\n\t\t\t\t<div class=\"elementor-element elementor-element-bedc3c6 elementor-widget elementor-widget-image\" data-id=\"bedc3c6\" data-element_type=\"widget\" data-e-type=\"widget\" data-widget_type=\"image.default\">\n\t\t\t\t\t\t\t\t\t\t\t\t\t\t\t<img fetchpriority=\"high\" decoding=\"async\" width=\"800\" height=\"600\" src=\"https:\/\/comptronic.se\/wp-content\/uploads\/2026\/03\/konferensrum-conference-room-1.webp\" class=\"attachment-large size-large wp-image-221\" alt=\"\" srcset=\"https:\/\/comptronic.se\/wp-content\/uploads\/2026\/03\/konferensrum-conference-room-1.webp 800w, https:\/\/comptronic.se\/wp-content\/uploads\/2026\/03\/konferensrum-conference-room-1-300x225.webp 300w, https:\/\/comptronic.se\/wp-content\/uploads\/2026\/03\/konferensrum-conference-room-1-768x576.webp 768w\" sizes=\"(max-width: 800px) 100vw, 800px\" \/>\t\t\t\t\t\t\t\t\t\t\t\t\t\t\t<\/div>\n\t\t\t\t<div class=\"elementor-element elementor-element-ab2f7a7 elementor-widget elementor-widget-image\" data-id=\"ab2f7a7\" data-element_type=\"widget\" data-e-type=\"widget\" data-widget_type=\"image.default\">\n\t\t\t\t\t\t\t\t\t\t\t\t\t\t\t<img decoding=\"async\" width=\"500\" height=\"375\" src=\"https:\/\/comptronic.se\/wp-content\/uploads\/2026\/03\/vatmark-wetland_11zon.webp\" class=\"attachment-large size-large wp-image-524\" alt=\"Bild fr\u00e5n innerg\u00e5rden hos Comptronic\" srcset=\"https:\/\/comptronic.se\/wp-content\/uploads\/2026\/03\/vatmark-wetland_11zon.webp 500w, https:\/\/comptronic.se\/wp-content\/uploads\/2026\/03\/vatmark-wetland_11zon-300x225.webp 300w\" sizes=\"(max-width: 500px) 100vw, 500px\" \/>\t\t\t\t\t\t\t\t\t\t\t\t\t\t\t<\/div>\n\t\t\t\t<\/div>\n\t\t\t\t<\/div>\n\t\t<div class=\"elementor-element elementor-element-4d31e8e e-con-full e-flex e-con e-parent\" data-id=\"4d31e8e\" data-element_type=\"container\" data-e-type=\"container\" data-settings=\"{&quot;background_background&quot;:&quot;classic&quot;}\">\n\t\t\t\t<div class=\"elementor-element elementor-element-42ae4e6 elementor-widget elementor-widget-heading\" data-id=\"42ae4e6\" data-element_type=\"widget\" data-e-type=\"widget\" data-widget_type=\"heading.default\">\n\t\t\t\t\t<h2 class=\"elementor-heading-title elementor-size-default\">Business policy<\/h2>\t\t\t\t<\/div>\n\t\t\t\t<div class=\"elementor-element elementor-element-6765711 elementor-widget elementor-widget-text-editor\" data-id=\"6765711\" data-element_type=\"widget\" data-e-type=\"widget\" data-widget_type=\"text-editor.default\">\n\t\t\t\t\t\t\t\t\t<h3 class=\"p1\"><b>Quality<\/b><\/h3><p class=\"p1\">Comptronic AB markets and sells electronic components to manufacturing companies. Customer satisfaction and met requirements are our most important quality indicators. We continuously improve our management system and our operations. We represent selected manufacturers and provide components from the original source with maintained traceability. Incoming goods are inspected, and any deviating material will not be delivered without the customer's written approval. We communicate relevant information regarding product changes, availability, and lifecycle status to support our customers' operations.<\/p><h3 class=\"p1\"><b>Environment<\/b><\/h3><p class=\"p1\">We strive to deliver our components with the lowest possible environmental impact from a life-cycle perspective. We comply with environmental legislation and work for continuous improvement by reducing resource consumption, waste, and the environmental impact of transport, as well as promoting reuse and recycling. Environmental risks and opportunities are considered an integral part of our management system. We set relevant environmental requirements for our suppliers and partners and work towards enhanced environmental performance.<\/p><h3 class=\"p1\"><b>Ethics<\/b><\/h3><p class=\"p1\">Our operations are characterised by respect, responsibility, transparency, and good business ethics. We comply with applicable laws, regulations, and agreements. We do not accept discrimination, harassment, bribery, corruption, or other unethical behaviour. Employees and external parties are encouraged to report suspected breaches or irregularities to the CEO.<\/p><h3 class=\"p1\"><b>Information security<\/b><\/h3><p class=\"p1\">We protect technical, commercial, and personal information against unauthorised access, loss, and disruption. Information security shall ensure confidentiality, accuracy, and availability through appropriate technical and organisational safeguards. Information security risks are assessed and managed as an integral part of our management system.<\/p>\t\t\t\t\t\t\t\t<\/div>\n\t\t\t\t<\/div>\n\t\t\t\t<\/div>","protected":false},"excerpt":{"rendered":"<p>Kvalitet och milj\u00f6 i v\u00e5ra processer och leveranser F\u00f6r Comptronic \u00e4r kvalitet och milj\u00f6h\u00e4nsyn en naturlig del av hur vi [&hellip;]<\/p>\n","protected":false},"author":1,"featured_media":0,"parent":0,"menu_order":0,"comment_status":"closed","ping_status":"closed","template":"","meta":{"site-sidebar-layout":"no-sidebar","site-content-layout":"","ast-site-content-layout":"full-width-container","site-content-style":"default","site-sidebar-style":"default","ast-global-header-display":"","ast-banner-title-visibility":"","ast-main-header-display":"","ast-hfb-above-header-display":"","ast-hfb-below-header-display":"","ast-hfb-mobile-header-display":"","site-post-title":"","ast-breadcrumbs-content":"","ast-featured-img":"disabled","footer-sml-layout":"","ast-disable-related-posts":"","theme-transparent-header-meta":"","adv-header-id-meta":"","stick-header-meta":"","header-above-stick-meta":"","header-main-stick-meta":"","header-below-stick-meta":"","astra-migrate-meta-layouts":"default","ast-page-background-enabled":"default","ast-page-background-meta":{"desktop":{"background-color":"var(--ast-global-color-5)","background-image":"","background-repeat":"repeat","background-position":"center center","background-size":"auto","background-attachment":"scroll","background-type":"","background-media":"","overlay-type":"","overlay-color":"","overlay-opacity":"","overlay-gradient":""},"tablet":{"background-color":"","background-image":"","background-repeat":"repeat","background-position":"center center","background-size":"auto","background-attachment":"scroll","background-type":"","background-media":"","overlay-type":"","overlay-color":"","overlay-opacity":"","overlay-gradient":""},"mobile":{"background-color":"","background-image":"","background-repeat":"repeat","background-position":"center center","background-size":"auto","background-attachment":"scroll","background-type":"","background-media":"","overlay-type":"","overlay-color":"","overlay-opacity":"","overlay-gradient":""}},"ast-content-background-meta":{"desktop":{"background-color":"var(--ast-global-color-4)","background-image":"","background-repeat":"repeat","background-position":"center center","background-size":"auto","background-attachment":"scroll","background-type":"","background-media":"","overlay-type":"","overlay-color":"","overlay-opacity":"","overlay-gradient":""},"tablet":{"background-color":"var(--ast-global-color-4)","background-image":"","background-repeat":"repeat","background-position":"center center","background-size":"auto","background-attachment":"scroll","background-type":"","background-media":"","overlay-type":"","overlay-color":"","overlay-opacity":"","overlay-gradient":""},"mobile":{"background-color":"var(--ast-global-color-4)","background-image":"","background-repeat":"repeat","background-position":"center center","background-size":"auto","background-attachment":"scroll","background-type":"","background-media":"","overlay-type":"","overlay-color":"","overlay-opacity":"","overlay-gradient":""}},"footnotes":""},"class_list":["post-520","page","type-page","status-publish","hentry"],"yoast_head":"<!-- This site is optimized with the Yoast SEO plugin v27.4 - https:\/\/yoast.com\/product\/yoast-seo-wordpress\/ -->\n<title>Ledningssystem kvalitet och milj\u00f6<\/title>\n<meta name=\"description\" content=\"F\u00f6r Comptronic \u00e4r kvalitet och milj\u00f6h\u00e4nsyn en naturlig del av hur vi arbetar \u2013 fr\u00e5n val av komponenter till leverans och uppf\u00f6ljning.\" \/>\n<meta name=\"robots\" content=\"index, follow, max-snippet:-1, max-image-preview:large, max-video-preview:-1\" \/>\n<link rel=\"canonical\" href=\"https:\/\/comptronic.se\/en\/ledningssystem-kvalitet-och-miljo\/\" \/>\n<meta property=\"og:locale\" content=\"en_GB\" \/>\n<meta property=\"og:type\" content=\"article\" \/>\n<meta property=\"og:title\" content=\"Ledningssystem kvalitet och milj\u00f6\" \/>\n<meta property=\"og:description\" content=\"F\u00f6r Comptronic \u00e4r kvalitet och milj\u00f6h\u00e4nsyn en naturlig del av hur vi arbetar \u2013 fr\u00e5n val av komponenter till leverans och uppf\u00f6ljning.\" \/>\n<meta property=\"og:url\" content=\"https:\/\/comptronic.se\/en\/ledningssystem-kvalitet-och-miljo\/\" \/>\n<meta property=\"og:site_name\" content=\"Comptronic elektronikkomponenter\" \/>\n<meta property=\"article:modified_time\" content=\"2026-04-22T11:48:58+00:00\" \/>\n<meta property=\"og:image\" content=\"https:\/\/comptronic.se\/wp-content\/uploads\/2026\/03\/ISO-bilder.png\" \/>\n\t<meta property=\"og:image:width\" content=\"258\" \/>\n\t<meta property=\"og:image:height\" content=\"113\" \/>\n\t<meta property=\"og:image:type\" content=\"image\/png\" \/>\n<meta name=\"twitter:card\" content=\"summary_large_image\" \/>\n<meta name=\"twitter:label1\" content=\"Estimated reading time\" \/>\n\t<meta name=\"twitter:data1\" content=\"3 minutes\" \/>\n<script type=\"application\/ld+json\" class=\"yoast-schema-graph\">{\"@context\":\"https:\\\/\\\/schema.org\",\"@graph\":[{\"@type\":\"WebPage\",\"@id\":\"https:\\\/\\\/comptronic.se\\\/ledningssystem-kvalitet-och-miljo\\\/\",\"url\":\"https:\\\/\\\/comptronic.se\\\/ledningssystem-kvalitet-och-miljo\\\/\",\"name\":\"Ledningssystem kvalitet och milj\u00f6\",\"isPartOf\":{\"@id\":\"https:\\\/\\\/comptronic.se\\\/#website\"},\"primaryImageOfPage\":{\"@id\":\"https:\\\/\\\/comptronic.se\\\/ledningssystem-kvalitet-och-miljo\\\/#primaryimage\"},\"image\":{\"@id\":\"https:\\\/\\\/comptronic.se\\\/ledningssystem-kvalitet-och-miljo\\\/#primaryimage\"},\"thumbnailUrl\":\"https:\\\/\\\/comptronic.se\\\/wp-content\\\/uploads\\\/2026\\\/03\\\/ISO-bilder.png\",\"datePublished\":\"2026-03-22T18:30:00+00:00\",\"dateModified\":\"2026-04-22T11:48:58+00:00\",\"description\":\"F\u00f6r Comptronic \u00e4r kvalitet och milj\u00f6h\u00e4nsyn en naturlig del av hur vi arbetar \u2013 fr\u00e5n val av komponenter till leverans och uppf\u00f6ljning.\",\"breadcrumb\":{\"@id\":\"https:\\\/\\\/comptronic.se\\\/ledningssystem-kvalitet-och-miljo\\\/#breadcrumb\"},\"inLanguage\":\"en-GB\",\"potentialAction\":[{\"@type\":\"ReadAction\",\"target\":[\"https:\\\/\\\/comptronic.se\\\/ledningssystem-kvalitet-och-miljo\\\/\"]}]},{\"@type\":\"ImageObject\",\"inLanguage\":\"en-GB\",\"@id\":\"https:\\\/\\\/comptronic.se\\\/ledningssystem-kvalitet-och-miljo\\\/#primaryimage\",\"url\":\"https:\\\/\\\/comptronic.se\\\/wp-content\\\/uploads\\\/2026\\\/03\\\/ISO-bilder.png\",\"contentUrl\":\"https:\\\/\\\/comptronic.se\\\/wp-content\\\/uploads\\\/2026\\\/03\\\/ISO-bilder.png\"},{\"@type\":\"BreadcrumbList\",\"@id\":\"https:\\\/\\\/comptronic.se\\\/ledningssystem-kvalitet-och-miljo\\\/#breadcrumb\",\"itemListElement\":[{\"@type\":\"ListItem\",\"position\":1,\"name\":\"Hem\",\"item\":\"https:\\\/\\\/comptronic.se\\\/\"},{\"@type\":\"ListItem\",\"position\":2,\"name\":\"Ledningssystem kvalitet och milj\u00f6\"}]},{\"@type\":\"WebSite\",\"@id\":\"https:\\\/\\\/comptronic.se\\\/#website\",\"url\":\"https:\\\/\\\/comptronic.se\\\/\",\"name\":\"Comtronic - kretskortsmonterade elektronikkomponenter\",\"description\":\"\",\"publisher\":{\"@id\":\"https:\\\/\\\/comptronic.se\\\/#organization\"},\"potentialAction\":[{\"@type\":\"SearchAction\",\"target\":{\"@type\":\"EntryPoint\",\"urlTemplate\":\"https:\\\/\\\/comptronic.se\\\/?s={search_term_string}\"},\"query-input\":{\"@type\":\"PropertyValueSpecification\",\"valueRequired\":true,\"valueName\":\"search_term_string\"}}],\"inLanguage\":\"en-GB\"},{\"@type\":\"Organization\",\"@id\":\"https:\\\/\\\/comptronic.se\\\/#organization\",\"name\":\"Comptronic AB\",\"url\":\"https:\\\/\\\/comptronic.se\\\/\",\"logo\":{\"@type\":\"ImageObject\",\"inLanguage\":\"en-GB\",\"@id\":\"https:\\\/\\\/comptronic.se\\\/#\\\/schema\\\/logo\\\/image\\\/\",\"url\":\"https:\\\/\\\/comptronic.se\\\/wp-content\\\/uploads\\\/2026\\\/03\\\/cropped-Comptronic-logo-ny-bred.png\",\"contentUrl\":\"https:\\\/\\\/comptronic.se\\\/wp-content\\\/uploads\\\/2026\\\/03\\\/cropped-Comptronic-logo-ny-bred.png\",\"width\":492,\"height\":164,\"caption\":\"Comptronic AB\"},\"image\":{\"@id\":\"https:\\\/\\\/comptronic.se\\\/#\\\/schema\\\/logo\\\/image\\\/\"}}]}<\/script>\n<!-- \/ Yoast SEO plugin. -->","yoast_head_json":{"title":"Quality and environmental management system","description":"F\u00f6r Comptronic \u00e4r kvalitet och milj\u00f6h\u00e4nsyn en naturlig del av hur vi arbetar \u2013 fr\u00e5n val av komponenter till leverans och uppf\u00f6ljning.","robots":{"index":"index","follow":"follow","max-snippet":"max-snippet:-1","max-image-preview":"max-image-preview:large","max-video-preview":"max-video-preview:-1"},"canonical":"https:\/\/comptronic.se\/en\/ledningssystem-kvalitet-och-miljo\/","og_locale":"en_GB","og_type":"article","og_title":"Ledningssystem kvalitet och milj\u00f6","og_description":"F\u00f6r Comptronic \u00e4r kvalitet och milj\u00f6h\u00e4nsyn en naturlig del av hur vi arbetar \u2013 fr\u00e5n val av komponenter till leverans och uppf\u00f6ljning.","og_url":"https:\/\/comptronic.se\/en\/ledningssystem-kvalitet-och-miljo\/","og_site_name":"Comptronic elektronikkomponenter","article_modified_time":"2026-04-22T11:48:58+00:00","og_image":[{"width":258,"height":113,"url":"https:\/\/comptronic.se\/wp-content\/uploads\/2026\/03\/ISO-bilder.png","type":"image\/png"}],"twitter_card":"summary_large_image","twitter_misc":{"Estimated reading time":"3 minutes"},"schema":{"@context":"https:\/\/schema.org","@graph":[{"@type":"WebPage","@id":"https:\/\/comptronic.se\/ledningssystem-kvalitet-och-miljo\/","url":"https:\/\/comptronic.se\/ledningssystem-kvalitet-och-miljo\/","name":"Quality and environmental management system","isPartOf":{"@id":"https:\/\/comptronic.se\/#website"},"primaryImageOfPage":{"@id":"https:\/\/comptronic.se\/ledningssystem-kvalitet-och-miljo\/#primaryimage"},"image":{"@id":"https:\/\/comptronic.se\/ledningssystem-kvalitet-och-miljo\/#primaryimage"},"thumbnailUrl":"https:\/\/comptronic.se\/wp-content\/uploads\/2026\/03\/ISO-bilder.png","datePublished":"2026-03-22T18:30:00+00:00","dateModified":"2026-04-22T11:48:58+00:00","description":"F\u00f6r Comptronic \u00e4r kvalitet och milj\u00f6h\u00e4nsyn en naturlig del av hur vi arbetar \u2013 fr\u00e5n val av komponenter till leverans och uppf\u00f6ljning.","breadcrumb":{"@id":"https:\/\/comptronic.se\/ledningssystem-kvalitet-och-miljo\/#breadcrumb"},"inLanguage":"en-GB","potentialAction":[{"@type":"ReadAction","target":["https:\/\/comptronic.se\/ledningssystem-kvalitet-och-miljo\/"]}]},{"@type":"ImageObject","inLanguage":"en-GB","@id":"https:\/\/comptronic.se\/ledningssystem-kvalitet-och-miljo\/#primaryimage","url":"https:\/\/comptronic.se\/wp-content\/uploads\/2026\/03\/ISO-bilder.png","contentUrl":"https:\/\/comptronic.se\/wp-content\/uploads\/2026\/03\/ISO-bilder.png"},{"@type":"BreadcrumbList","@id":"https:\/\/comptronic.se\/ledningssystem-kvalitet-och-miljo\/#breadcrumb","itemListElement":[{"@type":"ListItem","position":1,"name":"Hem","item":"https:\/\/comptronic.se\/"},{"@type":"ListItem","position":2,"name":"Ledningssystem kvalitet och milj\u00f6"}]},{"@type":"WebSite","@id":"https:\/\/comptronic.se\/#website","url":"https:\/\/comptronic.se\/","name":"Comtronic - kretskortsmonterade elektronikkomponenter","description":"","publisher":{"@id":"https:\/\/comptronic.se\/#organization"},"potentialAction":[{"@type":"SearchAction","target":{"@type":"EntryPoint","urlTemplate":"https:\/\/comptronic.se\/?s={search_term_string}"},"query-input":{"@type":"PropertyValueSpecification","valueRequired":true,"valueName":"search_term_string"}}],"inLanguage":"en-GB"},{"@type":"Organization","@id":"https:\/\/comptronic.se\/#organization","name":"Comptronic AB","url":"https:\/\/comptronic.se\/","logo":{"@type":"ImageObject","inLanguage":"en-GB","@id":"https:\/\/comptronic.se\/#\/schema\/logo\/image\/","url":"https:\/\/comptronic.se\/wp-content\/uploads\/2026\/03\/cropped-Comptronic-logo-ny-bred.png","contentUrl":"https:\/\/comptronic.se\/wp-content\/uploads\/2026\/03\/cropped-Comptronic-logo-ny-bred.png","width":492,"height":164,"caption":"Comptronic AB"},"image":{"@id":"https:\/\/comptronic.se\/#\/schema\/logo\/image\/"}}]}},"_links":{"self":[{"href":"https:\/\/comptronic.se\/en\/wp-json\/wp\/v2\/pages\/520","targetHints":{"allow":["GET"]}}],"collection":[{"href":"https:\/\/comptronic.se\/en\/wp-json\/wp\/v2\/pages"}],"about":[{"href":"https:\/\/comptronic.se\/en\/wp-json\/wp\/v2\/types\/page"}],"author":[{"embeddable":true,"href":"https:\/\/comptronic.se\/en\/wp-json\/wp\/v2\/users\/1"}],"replies":[{"embeddable":true,"href":"https:\/\/comptronic.se\/en\/wp-json\/wp\/v2\/comments?post=520"}],"version-history":[{"count":7,"href":"https:\/\/comptronic.se\/en\/wp-json\/wp\/v2\/pages\/520\/revisions"}],"predecessor-version":[{"id":774,"href":"https:\/\/comptronic.se\/en\/wp-json\/wp\/v2\/pages\/520\/revisions\/774"}],"wp:attachment":[{"href":"https:\/\/comptronic.se\/en\/wp-json\/wp\/v2\/media?parent=520"}],"curies":[{"name":"wp","href":"https:\/\/api.w.org\/{rel}","templated":true}]}}