{"id":514,"date":"2026-03-22T19:26:14","date_gmt":"2026-03-22T18:26:14","guid":{"rendered":"https:\/\/comptronic.se\/?page_id=514"},"modified":"2026-04-20T09:43:41","modified_gmt":"2026-04-20T08:43:41","slug":"dataskyddspolicy-cookies","status":"publish","type":"page","link":"https:\/\/comptronic.se\/en\/dataskyddspolicy-cookies\/","title":{"rendered":"Data protection policy and cookies"},"content":{"rendered":"<div data-elementor-type=\"wp-page\" data-elementor-id=\"514\" class=\"elementor elementor-514\" data-elementor-post-type=\"page\">\n\t\t\t\t<div class=\"elementor-element elementor-element-b66888e e-con-full e-flex e-con e-parent\" data-id=\"b66888e\" data-element_type=\"container\" data-e-type=\"container\">\n\t\t\t\t<div class=\"elementor-element elementor-element-f0f7ff9 elementor-widget elementor-widget-heading\" data-id=\"f0f7ff9\" data-element_type=\"widget\" data-e-type=\"widget\" data-widget_type=\"heading.default\">\n\t\t\t\t\t<h1 class=\"elementor-heading-title elementor-size-default\">Data Protection Policy &amp; Cookies<\/h1>\t\t\t\t<\/div>\n\t\t\t\t<div class=\"elementor-element elementor-element-64f11a7 elementor-widget elementor-widget-text-editor\" data-id=\"64f11a7\" data-element_type=\"widget\" data-e-type=\"widget\" data-widget_type=\"text-editor.default\">\n\t\t\t\t\t\t\t\t\t<div id=\"page-zones__main-widgets__5f9bf03c9b0e4-widgets__5f9bf03ca7193\" class=\"widget widget--zone-widget js-widget\" data-name=\"content\" data-uniqueid=\"LnlBeu07Md7dWmw\" data-parentuniqueid=\"LCWH7e6DTaOJaLT\"><div class=\"bk-content-text content widget__content wysihtml-editor-content\"><h2><span class=\"wysiwyg-font-size-18\"><b>General Data Protection Regulation (GDPR)<\/b><\/span><\/h2><p><span class=\"wysiwyg-font-size-18\">GDPR aims to protect our privacy. Article 12 of the UN's Universal Declaration of Human Rights states: \u201dNo one shall be subjected to arbitrary interference with his privacy, family, home or correspondence, nor to attacks upon his honour and reputation. Everyone has the right to the protection of the law against such interference or attacks.\u201d At Comptronic AB, we do not keep records of private individuals. If you contact us from a private email address or from your sole proprietorship, we will not store the data without your consent. The records we hold on companies and purchasing customers are protected with the same security as confidential information about our own company.<\/span><\/p><\/div><\/div><div id=\"page-zones__main-widgets__5f9bf03c9b0e4-widgets__5fb7b54434595\" class=\"widget widget--zone-widget js-widget\" data-name=\"content\" data-uniqueid=\"BD0LUWcxZugYmBB\" data-parentuniqueid=\"LCWH7e6DTaOJaLT\"><div class=\"bk-content-text content widget__content wysihtml-editor-content\"><h2><b><span class=\"wysiwyg-font-size-18\">Biscuits<\/span><\/b><\/h2><p><span class=\"wysiwyg-font-size-18\">Comptronic.se uses cookies. These are small text files stored on your computer that play an important role in how we count the number of unique visitors to our website. The files are completely anonymous and do not contain any personal information. Comptronic.se uses additional third-party cookies to gather statistics, with the aim of improving our customers' experience of the website. We also use Google's advertising cookies to re-engage with those who have visited compronic.se.<\/span><b><\/b><\/p><p><span class=\"wysiwyg-font-size-18\">You can choose to disable the cookie function in your browser. You do this by changing the security settings in your browser. Please note that if you choose to disable cookies, certain parts of comptronic.se may no longer function.<\/span><\/p><p><span class=\"wysiwyg-font-size-18\">If you have further questions about how Comptronic works with GDPR and cookies, you are most welcome to\u00a0<a href=\"https:\/\/comptronic.se\/en\/kontakta-oss\/\" target=\"_self\" rel=\"noopener\">Contact us<\/a>!<\/span><\/p><\/div><\/div>\t\t\t\t\t\t\t\t<\/div>\n\t\t\t\t<\/div>\n\t\t\t\t<\/div>","protected":false},"excerpt":{"rendered":"<p>Dataskyddspolicy &amp; cookies General Data Protection Regulation (GDPR) GDPR syftar till att v\u00e4rna om v\u00e5rt privatliv. \u00a0Artikel 12 i FN:s [&hellip;]<\/p>\n","protected":false},"author":1,"featured_media":0,"parent":0,"menu_order":0,"comment_status":"closed","ping_status":"closed","template":"","meta":{"site-sidebar-layout":"no-sidebar","site-content-layout":"","ast-site-content-layout":"full-width-container","site-content-style":"default","site-sidebar-style":"default","ast-global-header-display":"","ast-banner-title-visibility":"","ast-main-header-display":"","ast-hfb-above-header-display":"","ast-hfb-below-header-display":"","ast-hfb-mobile-header-display":"","site-post-title":"","ast-breadcrumbs-content":"","ast-featured-img":"disabled","footer-sml-layout":"","ast-disable-related-posts":"","theme-transparent-header-meta":"","adv-header-id-meta":"","stick-header-meta":"","header-above-stick-meta":"","header-main-stick-meta":"","header-below-stick-meta":"","astra-migrate-meta-layouts":"default","ast-page-background-enabled":"default","ast-page-background-meta":{"desktop":{"background-color":"var(--ast-global-color-5)","background-image":"","background-repeat":"repeat","background-position":"center center","background-size":"auto","background-attachment":"scroll","background-type":"","background-media":"","overlay-type":"","overlay-color":"","overlay-opacity":"","overlay-gradient":""},"tablet":{"background-color":"","background-image":"","background-repeat":"repeat","background-position":"center center","background-size":"auto","background-attachment":"scroll","background-type":"","background-media":"","overlay-type":"","overlay-color":"","overlay-opacity":"","overlay-gradient":""},"mobile":{"background-color":"","background-image":"","background-repeat":"repeat","background-position":"center center","background-size":"auto","background-attachment":"scroll","background-type":"","background-media":"","overlay-type":"","overlay-color":"","overlay-opacity":"","overlay-gradient":""}},"ast-content-background-meta":{"desktop":{"background-color":"var(--ast-global-color-4)","background-image":"","background-repeat":"repeat","background-position":"center center","background-size":"auto","background-attachment":"scroll","background-type":"","background-media":"","overlay-type":"","overlay-color":"","overlay-opacity":"","overlay-gradient":""},"tablet":{"background-color":"var(--ast-global-color-4)","background-image":"","background-repeat":"repeat","background-position":"center center","background-size":"auto","background-attachment":"scroll","background-type":"","background-media":"","overlay-type":"","overlay-color":"","overlay-opacity":"","overlay-gradient":""},"mobile":{"background-color":"var(--ast-global-color-4)","background-image":"","background-repeat":"repeat","background-position":"center center","background-size":"auto","background-attachment":"scroll","background-type":"","background-media":"","overlay-type":"","overlay-color":"","overlay-opacity":"","overlay-gradient":""}},"footnotes":""},"class_list":["post-514","page","type-page","status-publish","hentry"],"yoast_head":"<!-- This site is optimized with the Yoast SEO plugin v27.4 - https:\/\/yoast.com\/product\/yoast-seo-wordpress\/ -->\n<title>Dataskyddspolicy &amp; cookies | Comptronic elektronikkomponenter<\/title>\n<meta name=\"description\" content=\"Information om v\u00e5r dataskyddspolicy &amp; cookies f\u00f6r dig som bes\u00f6kare p\u00e5 hemsidan - eller som kund. Kontakta oss om du undrar n\u00e5got kring detta.\" \/>\n<meta name=\"robots\" content=\"index, follow, max-snippet:-1, max-image-preview:large, max-video-preview:-1\" \/>\n<link rel=\"canonical\" href=\"https:\/\/comptronic.se\/en\/dataskyddspolicy-cookies\/\" \/>\n<meta property=\"og:locale\" content=\"en_GB\" \/>\n<meta property=\"og:type\" content=\"article\" \/>\n<meta property=\"og:title\" content=\"Dataskyddspolicy &amp; cookies | Comptronic elektronikkomponenter\" \/>\n<meta property=\"og:description\" content=\"Information om v\u00e5r dataskyddspolicy &amp; cookies f\u00f6r dig som bes\u00f6kare p\u00e5 hemsidan - eller som kund. Kontakta oss om du undrar n\u00e5got kring detta.\" \/>\n<meta property=\"og:url\" content=\"https:\/\/comptronic.se\/en\/dataskyddspolicy-cookies\/\" \/>\n<meta property=\"og:site_name\" content=\"Comptronic elektronikkomponenter\" \/>\n<meta property=\"article:modified_time\" content=\"2026-04-20T08:43:41+00:00\" \/>\n<meta name=\"twitter:card\" content=\"summary_large_image\" \/>\n<meta name=\"twitter:label1\" content=\"Estimated reading time\" \/>\n\t<meta name=\"twitter:data1\" content=\"2 minutes\" \/>\n<script type=\"application\/ld+json\" class=\"yoast-schema-graph\">{\"@context\":\"https:\\\/\\\/schema.org\",\"@graph\":[{\"@type\":\"WebPage\",\"@id\":\"https:\\\/\\\/comptronic.se\\\/dataskyddspolicy-cookies\\\/\",\"url\":\"https:\\\/\\\/comptronic.se\\\/dataskyddspolicy-cookies\\\/\",\"name\":\"Dataskyddspolicy & cookies | Comptronic elektronikkomponenter\",\"isPartOf\":{\"@id\":\"https:\\\/\\\/comptronic.se\\\/#website\"},\"datePublished\":\"2026-03-22T18:26:14+00:00\",\"dateModified\":\"2026-04-20T08:43:41+00:00\",\"description\":\"Information om v\u00e5r dataskyddspolicy & cookies f\u00f6r dig som bes\u00f6kare p\u00e5 hemsidan - eller som kund. Kontakta oss om du undrar n\u00e5got kring detta.\",\"breadcrumb\":{\"@id\":\"https:\\\/\\\/comptronic.se\\\/dataskyddspolicy-cookies\\\/#breadcrumb\"},\"inLanguage\":\"en-GB\",\"potentialAction\":[{\"@type\":\"ReadAction\",\"target\":[\"https:\\\/\\\/comptronic.se\\\/dataskyddspolicy-cookies\\\/\"]}]},{\"@type\":\"BreadcrumbList\",\"@id\":\"https:\\\/\\\/comptronic.se\\\/dataskyddspolicy-cookies\\\/#breadcrumb\",\"itemListElement\":[{\"@type\":\"ListItem\",\"position\":1,\"name\":\"Hem\",\"item\":\"https:\\\/\\\/comptronic.se\\\/\"},{\"@type\":\"ListItem\",\"position\":2,\"name\":\"Dataskyddspolicy och cookies\"}]},{\"@type\":\"WebSite\",\"@id\":\"https:\\\/\\\/comptronic.se\\\/#website\",\"url\":\"https:\\\/\\\/comptronic.se\\\/\",\"name\":\"Comtronic - kretskortsmonterade elektronikkomponenter\",\"description\":\"\",\"publisher\":{\"@id\":\"https:\\\/\\\/comptronic.se\\\/#organization\"},\"potentialAction\":[{\"@type\":\"SearchAction\",\"target\":{\"@type\":\"EntryPoint\",\"urlTemplate\":\"https:\\\/\\\/comptronic.se\\\/?s={search_term_string}\"},\"query-input\":{\"@type\":\"PropertyValueSpecification\",\"valueRequired\":true,\"valueName\":\"search_term_string\"}}],\"inLanguage\":\"en-GB\"},{\"@type\":\"Organization\",\"@id\":\"https:\\\/\\\/comptronic.se\\\/#organization\",\"name\":\"Comptronic AB\",\"url\":\"https:\\\/\\\/comptronic.se\\\/\",\"logo\":{\"@type\":\"ImageObject\",\"inLanguage\":\"en-GB\",\"@id\":\"https:\\\/\\\/comptronic.se\\\/#\\\/schema\\\/logo\\\/image\\\/\",\"url\":\"https:\\\/\\\/comptronic.se\\\/wp-content\\\/uploads\\\/2026\\\/03\\\/cropped-Comptronic-logo-ny-bred.png\",\"contentUrl\":\"https:\\\/\\\/comptronic.se\\\/wp-content\\\/uploads\\\/2026\\\/03\\\/cropped-Comptronic-logo-ny-bred.png\",\"width\":492,\"height\":164,\"caption\":\"Comptronic AB\"},\"image\":{\"@id\":\"https:\\\/\\\/comptronic.se\\\/#\\\/schema\\\/logo\\\/image\\\/\"}}]}<\/script>\n<!-- \/ Yoast SEO plugin. -->","yoast_head_json":{"title":"Dataskyddspolicy & cookies | Comptronic elektronikkomponenter","description":"Information om v\u00e5r dataskyddspolicy & cookies f\u00f6r dig som bes\u00f6kare p\u00e5 hemsidan - eller som kund. Kontakta oss om du undrar n\u00e5got kring detta.","robots":{"index":"index","follow":"follow","max-snippet":"max-snippet:-1","max-image-preview":"max-image-preview:large","max-video-preview":"max-video-preview:-1"},"canonical":"https:\/\/comptronic.se\/en\/dataskyddspolicy-cookies\/","og_locale":"en_GB","og_type":"article","og_title":"Dataskyddspolicy & cookies | Comptronic elektronikkomponenter","og_description":"Information om v\u00e5r dataskyddspolicy & cookies f\u00f6r dig som bes\u00f6kare p\u00e5 hemsidan - eller som kund. Kontakta oss om du undrar n\u00e5got kring detta.","og_url":"https:\/\/comptronic.se\/en\/dataskyddspolicy-cookies\/","og_site_name":"Comptronic elektronikkomponenter","article_modified_time":"2026-04-20T08:43:41+00:00","twitter_card":"summary_large_image","twitter_misc":{"Estimated reading time":"2 minutes"},"schema":{"@context":"https:\/\/schema.org","@graph":[{"@type":"WebPage","@id":"https:\/\/comptronic.se\/dataskyddspolicy-cookies\/","url":"https:\/\/comptronic.se\/dataskyddspolicy-cookies\/","name":"Dataskyddspolicy & cookies | Comptronic elektronikkomponenter","isPartOf":{"@id":"https:\/\/comptronic.se\/#website"},"datePublished":"2026-03-22T18:26:14+00:00","dateModified":"2026-04-20T08:43:41+00:00","description":"Information om v\u00e5r dataskyddspolicy & cookies f\u00f6r dig som bes\u00f6kare p\u00e5 hemsidan - eller som kund. Kontakta oss om du undrar n\u00e5got kring detta.","breadcrumb":{"@id":"https:\/\/comptronic.se\/dataskyddspolicy-cookies\/#breadcrumb"},"inLanguage":"en-GB","potentialAction":[{"@type":"ReadAction","target":["https:\/\/comptronic.se\/dataskyddspolicy-cookies\/"]}]},{"@type":"BreadcrumbList","@id":"https:\/\/comptronic.se\/dataskyddspolicy-cookies\/#breadcrumb","itemListElement":[{"@type":"ListItem","position":1,"name":"Hem","item":"https:\/\/comptronic.se\/"},{"@type":"ListItem","position":2,"name":"Dataskyddspolicy och cookies"}]},{"@type":"WebSite","@id":"https:\/\/comptronic.se\/#website","url":"https:\/\/comptronic.se\/","name":"Comtronic - kretskortsmonterade elektronikkomponenter","description":"","publisher":{"@id":"https:\/\/comptronic.se\/#organization"},"potentialAction":[{"@type":"SearchAction","target":{"@type":"EntryPoint","urlTemplate":"https:\/\/comptronic.se\/?s={search_term_string}"},"query-input":{"@type":"PropertyValueSpecification","valueRequired":true,"valueName":"search_term_string"}}],"inLanguage":"en-GB"},{"@type":"Organization","@id":"https:\/\/comptronic.se\/#organization","name":"Comptronic AB","url":"https:\/\/comptronic.se\/","logo":{"@type":"ImageObject","inLanguage":"en-GB","@id":"https:\/\/comptronic.se\/#\/schema\/logo\/image\/","url":"https:\/\/comptronic.se\/wp-content\/uploads\/2026\/03\/cropped-Comptronic-logo-ny-bred.png","contentUrl":"https:\/\/comptronic.se\/wp-content\/uploads\/2026\/03\/cropped-Comptronic-logo-ny-bred.png","width":492,"height":164,"caption":"Comptronic AB"},"image":{"@id":"https:\/\/comptronic.se\/#\/schema\/logo\/image\/"}}]}},"_links":{"self":[{"href":"https:\/\/comptronic.se\/en\/wp-json\/wp\/v2\/pages\/514","targetHints":{"allow":["GET"]}}],"collection":[{"href":"https:\/\/comptronic.se\/en\/wp-json\/wp\/v2\/pages"}],"about":[{"href":"https:\/\/comptronic.se\/en\/wp-json\/wp\/v2\/types\/page"}],"author":[{"embeddable":true,"href":"https:\/\/comptronic.se\/en\/wp-json\/wp\/v2\/users\/1"}],"replies":[{"embeddable":true,"href":"https:\/\/comptronic.se\/en\/wp-json\/wp\/v2\/comments?post=514"}],"version-history":[{"count":4,"href":"https:\/\/comptronic.se\/en\/wp-json\/wp\/v2\/pages\/514\/revisions"}],"predecessor-version":[{"id":518,"href":"https:\/\/comptronic.se\/en\/wp-json\/wp\/v2\/pages\/514\/revisions\/518"}],"wp:attachment":[{"href":"https:\/\/comptronic.se\/en\/wp-json\/wp\/v2\/media?parent=514"}],"curies":[{"name":"wp","href":"https:\/\/api.w.org\/{rel}","templated":true}]}}