{"id":486,"date":"2026-03-22T17:10:37","date_gmt":"2026-03-22T16:10:37","guid":{"rendered":"https:\/\/comptronic.se\/?page_id=486"},"modified":"2026-04-20T09:45:46","modified_gmt":"2026-04-20T08:45:46","slug":"kontakta-oss","status":"publish","type":"page","link":"https:\/\/comptronic.se\/en\/kontakta-oss\/","title":{"rendered":"Contact us"},"content":{"rendered":"<div data-elementor-type=\"wp-page\" data-elementor-id=\"486\" class=\"elementor elementor-486\" data-elementor-post-type=\"page\">\n\t\t\t\t<div class=\"elementor-element elementor-element-6b507f4 e-con-full e-flex e-con e-parent\" data-id=\"6b507f4\" data-element_type=\"container\" data-e-type=\"container\" data-settings=\"{&quot;background_background&quot;:&quot;classic&quot;}\">\n\t\t\t\t<div class=\"elementor-element elementor-element-b4cb3d9 elementor-widget elementor-widget-heading\" data-id=\"b4cb3d9\" data-element_type=\"widget\" data-e-type=\"widget\" data-widget_type=\"heading.default\">\n\t\t\t\t\t<h1 class=\"elementor-heading-title elementor-size-default\">Contact Comptronic \u2013 we'll help you with your solution<\/h1>\t\t\t\t<\/div>\n\t\t\t\t<div class=\"elementor-element elementor-element-75ce405 elementor-widget elementor-widget-heading\" data-id=\"75ce405\" data-element_type=\"widget\" data-e-type=\"widget\" data-widget_type=\"heading.default\">\n\t\t\t\t\t<h2 class=\"elementor-heading-title elementor-size-default\">Do you work in the design, procurement, or development of electronics?\nGet in touch and we can discuss component selection, applications, and potential solutions.<\/h2>\t\t\t\t<\/div>\n\t\t\t\t<\/div>\n\t\t<div class=\"elementor-element elementor-element-1d195169 e-flex e-con-boxed e-con e-parent\" data-id=\"1d195169\" data-element_type=\"container\" data-e-type=\"container\" data-settings=\"{&quot;background_background&quot;:&quot;classic&quot;}\">\n\t\t\t\t\t<div class=\"e-con-inner\">\n\t\t<div class=\"elementor-element elementor-element-36c6a647 e-con-full e-flex e-con e-child\" data-id=\"36c6a647\" data-element_type=\"container\" data-e-type=\"container\">\n\t\t<div class=\"elementor-element elementor-element-31e488d e-con-full e-flex e-con e-child\" data-id=\"31e488d\" data-element_type=\"container\" data-e-type=\"container\">\n\t\t\t\t<div class=\"elementor-element elementor-element-cf186d8 elementor-widget__width-inherit elementor-widget-divider--view-line elementor-widget elementor-widget-divider\" data-id=\"cf186d8\" data-element_type=\"widget\" data-e-type=\"widget\" data-widget_type=\"divider.default\">\n\t\t\t\t\t\t\t<div class=\"elementor-divider\">\n\t\t\t<span class=\"elementor-divider-separator\">\n\t\t\t\t\t\t<\/span>\n\t\t<\/div>\n\t\t\t\t\t\t<\/div>\n\t\t\t\t<div class=\"elementor-element elementor-element-5f71b33 elementor-widget elementor-widget-heading\" data-id=\"5f71b33\" data-element_type=\"widget\" data-e-type=\"widget\" data-widget_type=\"heading.default\">\n\t\t\t\t\t<h2 class=\"elementor-heading-title elementor-size-default\">Email us<\/h2>\t\t\t\t<\/div>\n\t\t\t\t<div class=\"elementor-element elementor-element-54efd36 elementor-align-center elementor-icon-list--layout-traditional elementor-list-item-link-full_width elementor-widget elementor-widget-icon-list\" data-id=\"54efd36\" data-element_type=\"widget\" data-e-type=\"widget\" data-widget_type=\"icon-list.default\">\n\t\t\t\t\t\t\t<ul class=\"elementor-icon-list-items\">\n\t\t\t\t\t\t\t<li class=\"elementor-icon-list-item\">\n\t\t\t\t\t\t\t\t\t\t\t<a href=\"mailto:mailbox@comptronic.se\">\n\n\t\t\t\t\t\t\t\t\t\t\t\t<span class=\"elementor-icon-list-icon\">\n\t\t\t\t\t\t\t<svg aria-hidden=\"true\" class=\"e-font-icon-svg e-fas-envelope\" viewbox=\"0 0 512 512\" xmlns=\"http:\/\/www.w3.org\/2000\/svg\"><path d=\"M502.3 190.8c3.9-3.1 9.7-.2 9.7 4.7V400c0 26.5-21.5 48-48 48H48c-26.5 0-48-21.5-48-48V195.6c0-5 5.7-7.8 9.7-4.7 22.4 17.4 52.1 39.5 154.1 113.6 21.1 15.4 56.7 47.8 92.2 47.6 35.7.3 72-32.8 92.3-47.6 102-74.1 131.6-96.3 154-113.7zM256 320c23.2.4 56.6-29.2 73.4-41.4 132.7-96.3 142.8-104.7 173.4-128.7 5.8-4.5 9.2-11.5 9.2-18.9v-19c0-26.5-21.5-48-48-48H48C21.5 64 0 85.5 0 112v19c0 7.4 3.4 14.3 9.2 18.9 30.6 23.9 40.7 32.4 173.4 128.7 16.8 12.2 50.2 41.8 73.4 41.4z\"><\/path><\/svg>\t\t\t\t\t\t<\/span>\n\t\t\t\t\t\t\t\t\t\t<span class=\"elementor-icon-list-text\">mailbox@comptronic.se<\/span>\n\t\t\t\t\t\t\t\t\t\t\t<\/a>\n\t\t\t\t\t\t\t\t\t<\/li>\n\t\t\t\t\t\t<\/ul>\n\t\t\t\t\t\t<\/div>\n\t\t\t\t<\/div>\n\t\t<div class=\"elementor-element elementor-element-8081012 e-con-full e-flex e-con e-child\" data-id=\"8081012\" data-element_type=\"container\" data-e-type=\"container\">\n\t\t\t\t<div class=\"elementor-element elementor-element-b95087b elementor-widget__width-inherit elementor-widget-divider--view-line elementor-widget elementor-widget-divider\" data-id=\"b95087b\" data-element_type=\"widget\" data-e-type=\"widget\" data-widget_type=\"divider.default\">\n\t\t\t\t\t\t\t<div class=\"elementor-divider\">\n\t\t\t<span class=\"elementor-divider-separator\">\n\t\t\t\t\t\t<\/span>\n\t\t<\/div>\n\t\t\t\t\t\t<\/div>\n\t\t\t\t<div class=\"elementor-element elementor-element-91600c7 elementor-widget elementor-widget-heading\" data-id=\"91600c7\" data-element_type=\"widget\" data-e-type=\"widget\" data-widget_type=\"heading.default\">\n\t\t\t\t\t<h2 class=\"elementor-heading-title elementor-size-default\">Call us<\/h2>\t\t\t\t<\/div>\n\t\t\t\t<div class=\"elementor-element elementor-element-55391e3 elementor-align-center elementor-icon-list--layout-traditional elementor-list-item-link-full_width elementor-widget elementor-widget-icon-list\" data-id=\"55391e3\" data-element_type=\"widget\" data-e-type=\"widget\" data-widget_type=\"icon-list.default\">\n\t\t\t\t\t\t\t<ul class=\"elementor-icon-list-items\">\n\t\t\t\t\t\t\t<li class=\"elementor-icon-list-item\">\n\t\t\t\t\t\t\t\t\t\t\t<span class=\"elementor-icon-list-icon\">\n\t\t\t\t\t\t\t<svg aria-hidden=\"true\" class=\"e-font-icon-svg e-fas-phone-alt\" viewbox=\"0 0 512 512\" xmlns=\"http:\/\/www.w3.org\/2000\/svg\"><path d=\"M497.39 361.8l-112-48a24 24 0 0 0-28 6.9l-49.6 60.6A370.66 370.66 0 0 1 130.6 204.11l60.6-49.6a23.94 23.94 0 0 0 6.9-28l-48-112A24.16 24.16 0 0 0 122.6.61l-104 24A24 24 0 0 0 0 48c0 256.5 207.9 464 464 464a24 24 0 0 0 23.4-18.6l24-104a24.29 24.29 0 0 0-14.01-27.6z\"><\/path><\/svg>\t\t\t\t\t\t<\/span>\n\t\t\t\t\t\t\t\t\t\t<span class=\"elementor-icon-list-text\">+46 8 564 706 70<\/span>\n\t\t\t\t\t\t\t\t\t<\/li>\n\t\t\t\t\t\t<\/ul>\n\t\t\t\t\t\t<\/div>\n\t\t\t\t<\/div>\n\t\t<div class=\"elementor-element elementor-element-78af5d77 e-con-full e-flex e-con e-child\" data-id=\"78af5d77\" data-element_type=\"container\" data-e-type=\"container\">\n\t\t\t\t<div class=\"elementor-element elementor-element-543d22dc elementor-widget__width-inherit elementor-widget-divider--view-line elementor-widget elementor-widget-divider\" data-id=\"543d22dc\" data-element_type=\"widget\" data-e-type=\"widget\" data-widget_type=\"divider.default\">\n\t\t\t\t\t\t\t<div class=\"elementor-divider\">\n\t\t\t<span class=\"elementor-divider-separator\">\n\t\t\t\t\t\t<\/span>\n\t\t<\/div>\n\t\t\t\t\t\t<\/div>\n\t\t\t\t<div class=\"elementor-element elementor-element-6f032b33 elementor-widget elementor-widget-heading\" data-id=\"6f032b33\" data-element_type=\"widget\" data-e-type=\"widget\" data-widget_type=\"heading.default\">\n\t\t\t\t\t<h2 class=\"elementor-heading-title elementor-size-default\">Visit us<\/h2>\t\t\t\t<\/div>\n\t\t\t\t<div class=\"elementor-element elementor-element-45eacd1 elementor-widget elementor-widget-text-editor\" data-id=\"45eacd1\" data-element_type=\"widget\" data-e-type=\"widget\" data-widget_type=\"text-editor.default\">\n\t\t\t\t\t\t\t\t\t<p class=\"fw-semibold mb-l\">Karlav\u00e4gen 104,<br \/>115 26, Stockholm, Sweden<\/p>\t\t\t\t\t\t\t\t<\/div>\n\t\t\t\t<\/div>\n\t\t\t\t<\/div>\n\t\t\t\t\t<\/div>\n\t\t\t\t<\/div>\n\t\t<div class=\"elementor-element elementor-element-1fd4b1f e-con-full e-flex e-con e-parent\" data-id=\"1fd4b1f\" data-element_type=\"container\" data-e-type=\"container\">\n\t\t<div class=\"elementor-element elementor-element-76e0a1b e-con-full e-flex e-con e-child\" data-id=\"76e0a1b\" data-element_type=\"container\" data-e-type=\"container\">\n\t\t\t\t<div class=\"elementor-element elementor-element-308e4db elementor-widget elementor-widget-heading\" data-id=\"308e4db\" data-element_type=\"widget\" data-e-type=\"widget\" data-widget_type=\"heading.default\">\n\t\t\t\t\t<h2 class=\"elementor-heading-title elementor-size-default\">Your contact with us<\/h2>\t\t\t\t<\/div>\n\t\t\t\t<div class=\"elementor-element elementor-element-e310663 elementor-widget elementor-widget-text-editor\" data-id=\"e310663\" data-element_type=\"widget\" data-e-type=\"widget\" data-widget_type=\"text-editor.default\">\n\t\t\t\t\t\t\t\t\t<p data-start=\"892\" data-end=\"1129\">You will be in direct contact with Magnus Wahlstr\u00f6m, who is our Technical Sales Engineer. He has knowledge of both components and applications and can help you in the right direction.<\/p>\t\t\t\t\t\t\t\t<\/div>\n\t\t\t\t<\/div>\n\t\t<div class=\"elementor-element elementor-element-792fbf6 e-con-full e-flex e-con e-child\" data-id=\"792fbf6\" data-element_type=\"container\" data-e-type=\"container\">\n\t\t\t\t<div class=\"elementor-element elementor-element-0ffe879 elementor-widget__width-initial elementor-widget elementor-widget-image\" data-id=\"0ffe879\" data-element_type=\"widget\" data-e-type=\"widget\" data-widget_type=\"image.default\">\n\t\t\t\t\t\t\t\t\t\t\t\t\t\t\t<img fetchpriority=\"high\" decoding=\"async\" width=\"500\" height=\"498\" src=\"https:\/\/comptronic.se\/wp-content\/uploads\/2026\/03\/Magnus-Wahlstrom.webp\" class=\"attachment-large size-large wp-image-478\" alt=\"\" srcset=\"https:\/\/comptronic.se\/wp-content\/uploads\/2026\/03\/Magnus-Wahlstrom.webp 500w, https:\/\/comptronic.se\/wp-content\/uploads\/2026\/03\/Magnus-Wahlstrom-300x300.webp 300w, https:\/\/comptronic.se\/wp-content\/uploads\/2026\/03\/Magnus-Wahlstrom-150x150.webp 150w\" sizes=\"(max-width: 500px) 100vw, 500px\" \/>\t\t\t\t\t\t\t\t\t\t\t\t\t\t\t<\/div>\n\t\t\t\t<\/div>\n\t\t\t\t<\/div>\n\t\t<div class=\"elementor-element elementor-element-171ea3c e-con-full e-flex e-con e-parent\" data-id=\"171ea3c\" data-element_type=\"container\" data-e-type=\"container\">\n\t\t\t\t<div class=\"elementor-element elementor-element-4fc0d81 elementor-widget elementor-widget-google_maps\" data-id=\"4fc0d81\" data-element_type=\"widget\" data-e-type=\"widget\" data-widget_type=\"google_maps.default\">\n\t\t\t\t\t\t\t<div class=\"elementor-custom-embed\">\n\t\t\t<iframe loading=\"lazy\"\n\t\t\t\t\tsrc=\"https:\/\/maps.google.com\/maps?q=Karlav%C3%A4gen%20104%2C%20115%2026%2C%20Stockholm%2C%20Sweden&#038;t=m&#038;z=15&#038;output=embed&#038;iwloc=near\"\n\t\t\t\t\ttitle=\"Karlav\u00e4gen 104, 115 26, Stockholm, Sweden\"\n\t\t\t\t\taria-label=\"Karlav\u00e4gen 104, 115 26, Stockholm, Sweden\"\n\t\t\t><\/iframe>\n\t\t<\/div>\n\t\t\t\t\t\t<\/div>\n\t\t\t\t<\/div>\n\t\t\t\t<\/div>","protected":false},"excerpt":{"rendered":"<p>Kontakta Comptronic \u2013 vi hj\u00e4lper dig vidare i din l\u00f6sning Arbetar du med konstruktion, ink\u00f6p eller utveckling av elektronik? H\u00f6r [&hellip;]<\/p>\n","protected":false},"author":1,"featured_media":0,"parent":0,"menu_order":0,"comment_status":"closed","ping_status":"closed","template":"","meta":{"site-sidebar-layout":"no-sidebar","site-content-layout":"","ast-site-content-layout":"full-width-container","site-content-style":"default","site-sidebar-style":"default","ast-global-header-display":"","ast-banner-title-visibility":"","ast-main-header-display":"","ast-hfb-above-header-display":"","ast-hfb-below-header-display":"","ast-hfb-mobile-header-display":"","site-post-title":"","ast-breadcrumbs-content":"","ast-featured-img":"disabled","footer-sml-layout":"","ast-disable-related-posts":"","theme-transparent-header-meta":"","adv-header-id-meta":"","stick-header-meta":"","header-above-stick-meta":"","header-main-stick-meta":"","header-below-stick-meta":"","astra-migrate-meta-layouts":"default","ast-page-background-enabled":"default","ast-page-background-meta":{"desktop":{"background-color":"var(--ast-global-color-5)","background-image":"","background-repeat":"repeat","background-position":"center center","background-size":"auto","background-attachment":"scroll","background-type":"","background-media":"","overlay-type":"","overlay-color":"","overlay-opacity":"","overlay-gradient":""},"tablet":{"background-color":"","background-image":"","background-repeat":"repeat","background-position":"center center","background-size":"auto","background-attachment":"scroll","background-type":"","background-media":"","overlay-type":"","overlay-color":"","overlay-opacity":"","overlay-gradient":""},"mobile":{"background-color":"","background-image":"","background-repeat":"repeat","background-position":"center center","background-size":"auto","background-attachment":"scroll","background-type":"","background-media":"","overlay-type":"","overlay-color":"","overlay-opacity":"","overlay-gradient":""}},"ast-content-background-meta":{"desktop":{"background-color":"var(--ast-global-color-4)","background-image":"","background-repeat":"repeat","background-position":"center center","background-size":"auto","background-attachment":"scroll","background-type":"","background-media":"","overlay-type":"","overlay-color":"","overlay-opacity":"","overlay-gradient":""},"tablet":{"background-color":"var(--ast-global-color-4)","background-image":"","background-repeat":"repeat","background-position":"center center","background-size":"auto","background-attachment":"scroll","background-type":"","background-media":"","overlay-type":"","overlay-color":"","overlay-opacity":"","overlay-gradient":""},"mobile":{"background-color":"var(--ast-global-color-4)","background-image":"","background-repeat":"repeat","background-position":"center center","background-size":"auto","background-attachment":"scroll","background-type":"","background-media":"","overlay-type":"","overlay-color":"","overlay-opacity":"","overlay-gradient":""}},"footnotes":""},"class_list":["post-486","page","type-page","status-publish","hentry"],"yoast_head":"<!-- This site is optimized with the Yoast SEO plugin v27.4 - https:\/\/yoast.com\/product\/yoast-seo-wordpress\/ -->\n<title>Kontakta Comptronic \u2013 vi hj\u00e4lper dig vidare i din l\u00f6sning<\/title>\n<meta name=\"description\" content=\"Du f\u00e5r direktkontakt med Magnus Wahlstr\u00f6m - v\u00e5r Technical Sales Engineer. Han har djup kunskap om komponenter &amp; applikationer, hj\u00e4lper dig vidare.\" \/>\n<meta name=\"robots\" content=\"index, follow, max-snippet:-1, max-image-preview:large, max-video-preview:-1\" \/>\n<link rel=\"canonical\" href=\"https:\/\/comptronic.se\/en\/kontakta-oss\/\" \/>\n<meta property=\"og:locale\" content=\"en_GB\" \/>\n<meta property=\"og:type\" content=\"article\" \/>\n<meta property=\"og:title\" content=\"Kontakta Comptronic \u2013 vi hj\u00e4lper dig vidare i din l\u00f6sning\" \/>\n<meta property=\"og:description\" content=\"Du f\u00e5r direktkontakt med Magnus Wahlstr\u00f6m - v\u00e5r Technical Sales Engineer. Han har djup kunskap om komponenter &amp; applikationer, hj\u00e4lper dig vidare.\" \/>\n<meta property=\"og:url\" content=\"https:\/\/comptronic.se\/en\/kontakta-oss\/\" \/>\n<meta property=\"og:site_name\" content=\"Comptronic elektronikkomponenter\" \/>\n<meta property=\"article:modified_time\" content=\"2026-04-20T08:45:46+00:00\" \/>\n<meta property=\"og:image\" content=\"https:\/\/comptronic.se\/wp-content\/uploads\/2026\/03\/Magnus-Wahlstrom.webp\" \/>\n<meta name=\"twitter:card\" content=\"summary_large_image\" \/>\n<meta name=\"twitter:label1\" content=\"Estimated reading time\" \/>\n\t<meta name=\"twitter:data1\" content=\"1 minute\" \/>\n<script type=\"application\/ld+json\" class=\"yoast-schema-graph\">{\"@context\":\"https:\\\/\\\/schema.org\",\"@graph\":[{\"@type\":\"WebPage\",\"@id\":\"https:\\\/\\\/comptronic.se\\\/kontakta-oss\\\/\",\"url\":\"https:\\\/\\\/comptronic.se\\\/kontakta-oss\\\/\",\"name\":\"Kontakta Comptronic \u2013 vi hj\u00e4lper dig vidare i din l\u00f6sning\",\"isPartOf\":{\"@id\":\"https:\\\/\\\/comptronic.se\\\/#website\"},\"primaryImageOfPage\":{\"@id\":\"https:\\\/\\\/comptronic.se\\\/kontakta-oss\\\/#primaryimage\"},\"image\":{\"@id\":\"https:\\\/\\\/comptronic.se\\\/kontakta-oss\\\/#primaryimage\"},\"thumbnailUrl\":\"https:\\\/\\\/comptronic.se\\\/wp-content\\\/uploads\\\/2026\\\/03\\\/Magnus-Wahlstrom.webp\",\"datePublished\":\"2026-03-22T16:10:37+00:00\",\"dateModified\":\"2026-04-20T08:45:46+00:00\",\"description\":\"Du f\u00e5r direktkontakt med Magnus Wahlstr\u00f6m - v\u00e5r Technical Sales Engineer. Han har djup kunskap om komponenter & applikationer, hj\u00e4lper dig vidare.\",\"breadcrumb\":{\"@id\":\"https:\\\/\\\/comptronic.se\\\/kontakta-oss\\\/#breadcrumb\"},\"inLanguage\":\"en-GB\",\"potentialAction\":[{\"@type\":\"ReadAction\",\"target\":[\"https:\\\/\\\/comptronic.se\\\/kontakta-oss\\\/\"]}]},{\"@type\":\"ImageObject\",\"inLanguage\":\"en-GB\",\"@id\":\"https:\\\/\\\/comptronic.se\\\/kontakta-oss\\\/#primaryimage\",\"url\":\"https:\\\/\\\/comptronic.se\\\/wp-content\\\/uploads\\\/2026\\\/03\\\/Magnus-Wahlstrom.webp\",\"contentUrl\":\"https:\\\/\\\/comptronic.se\\\/wp-content\\\/uploads\\\/2026\\\/03\\\/Magnus-Wahlstrom.webp\"},{\"@type\":\"BreadcrumbList\",\"@id\":\"https:\\\/\\\/comptronic.se\\\/kontakta-oss\\\/#breadcrumb\",\"itemListElement\":[{\"@type\":\"ListItem\",\"position\":1,\"name\":\"Hem\",\"item\":\"https:\\\/\\\/comptronic.se\\\/\"},{\"@type\":\"ListItem\",\"position\":2,\"name\":\"Kontakta oss\"}]},{\"@type\":\"WebSite\",\"@id\":\"https:\\\/\\\/comptronic.se\\\/#website\",\"url\":\"https:\\\/\\\/comptronic.se\\\/\",\"name\":\"Comtronic - kretskortsmonterade elektronikkomponenter\",\"description\":\"\",\"publisher\":{\"@id\":\"https:\\\/\\\/comptronic.se\\\/#organization\"},\"potentialAction\":[{\"@type\":\"SearchAction\",\"target\":{\"@type\":\"EntryPoint\",\"urlTemplate\":\"https:\\\/\\\/comptronic.se\\\/?s={search_term_string}\"},\"query-input\":{\"@type\":\"PropertyValueSpecification\",\"valueRequired\":true,\"valueName\":\"search_term_string\"}}],\"inLanguage\":\"en-GB\"},{\"@type\":\"Organization\",\"@id\":\"https:\\\/\\\/comptronic.se\\\/#organization\",\"name\":\"Comptronic AB\",\"url\":\"https:\\\/\\\/comptronic.se\\\/\",\"logo\":{\"@type\":\"ImageObject\",\"inLanguage\":\"en-GB\",\"@id\":\"https:\\\/\\\/comptronic.se\\\/#\\\/schema\\\/logo\\\/image\\\/\",\"url\":\"https:\\\/\\\/comptronic.se\\\/wp-content\\\/uploads\\\/2026\\\/03\\\/cropped-Comptronic-logo-ny-bred.png\",\"contentUrl\":\"https:\\\/\\\/comptronic.se\\\/wp-content\\\/uploads\\\/2026\\\/03\\\/cropped-Comptronic-logo-ny-bred.png\",\"width\":492,\"height\":164,\"caption\":\"Comptronic AB\"},\"image\":{\"@id\":\"https:\\\/\\\/comptronic.se\\\/#\\\/schema\\\/logo\\\/image\\\/\"}}]}<\/script>\n<!-- \/ Yoast SEO plugin. -->","yoast_head_json":{"title":"Contact Comptronic \u2013 we'll help you with your solution","description":"Du f\u00e5r direktkontakt med Magnus Wahlstr\u00f6m - v\u00e5r Technical Sales Engineer. Han har djup kunskap om komponenter & applikationer, hj\u00e4lper dig vidare.","robots":{"index":"index","follow":"follow","max-snippet":"max-snippet:-1","max-image-preview":"max-image-preview:large","max-video-preview":"max-video-preview:-1"},"canonical":"https:\/\/comptronic.se\/en\/kontakta-oss\/","og_locale":"en_GB","og_type":"article","og_title":"Kontakta Comptronic \u2013 vi hj\u00e4lper dig vidare i din l\u00f6sning","og_description":"Du f\u00e5r direktkontakt med Magnus Wahlstr\u00f6m - v\u00e5r Technical Sales Engineer. Han har djup kunskap om komponenter & applikationer, hj\u00e4lper dig vidare.","og_url":"https:\/\/comptronic.se\/en\/kontakta-oss\/","og_site_name":"Comptronic elektronikkomponenter","article_modified_time":"2026-04-20T08:45:46+00:00","og_image":[{"url":"https:\/\/comptronic.se\/wp-content\/uploads\/2026\/03\/Magnus-Wahlstrom.webp","type":"","width":"","height":""}],"twitter_card":"summary_large_image","twitter_misc":{"Estimated reading time":"1 minute"},"schema":{"@context":"https:\/\/schema.org","@graph":[{"@type":"WebPage","@id":"https:\/\/comptronic.se\/kontakta-oss\/","url":"https:\/\/comptronic.se\/kontakta-oss\/","name":"Contact Comptronic \u2013 we'll help you with your solution","isPartOf":{"@id":"https:\/\/comptronic.se\/#website"},"primaryImageOfPage":{"@id":"https:\/\/comptronic.se\/kontakta-oss\/#primaryimage"},"image":{"@id":"https:\/\/comptronic.se\/kontakta-oss\/#primaryimage"},"thumbnailUrl":"https:\/\/comptronic.se\/wp-content\/uploads\/2026\/03\/Magnus-Wahlstrom.webp","datePublished":"2026-03-22T16:10:37+00:00","dateModified":"2026-04-20T08:45:46+00:00","description":"Du f\u00e5r direktkontakt med Magnus Wahlstr\u00f6m - v\u00e5r Technical Sales Engineer. Han har djup kunskap om komponenter & applikationer, hj\u00e4lper dig vidare.","breadcrumb":{"@id":"https:\/\/comptronic.se\/kontakta-oss\/#breadcrumb"},"inLanguage":"en-GB","potentialAction":[{"@type":"ReadAction","target":["https:\/\/comptronic.se\/kontakta-oss\/"]}]},{"@type":"ImageObject","inLanguage":"en-GB","@id":"https:\/\/comptronic.se\/kontakta-oss\/#primaryimage","url":"https:\/\/comptronic.se\/wp-content\/uploads\/2026\/03\/Magnus-Wahlstrom.webp","contentUrl":"https:\/\/comptronic.se\/wp-content\/uploads\/2026\/03\/Magnus-Wahlstrom.webp"},{"@type":"BreadcrumbList","@id":"https:\/\/comptronic.se\/kontakta-oss\/#breadcrumb","itemListElement":[{"@type":"ListItem","position":1,"name":"Hem","item":"https:\/\/comptronic.se\/"},{"@type":"ListItem","position":2,"name":"Kontakta oss"}]},{"@type":"WebSite","@id":"https:\/\/comptronic.se\/#website","url":"https:\/\/comptronic.se\/","name":"Comtronic - kretskortsmonterade elektronikkomponenter","description":"","publisher":{"@id":"https:\/\/comptronic.se\/#organization"},"potentialAction":[{"@type":"SearchAction","target":{"@type":"EntryPoint","urlTemplate":"https:\/\/comptronic.se\/?s={search_term_string}"},"query-input":{"@type":"PropertyValueSpecification","valueRequired":true,"valueName":"search_term_string"}}],"inLanguage":"en-GB"},{"@type":"Organization","@id":"https:\/\/comptronic.se\/#organization","name":"Comptronic AB","url":"https:\/\/comptronic.se\/","logo":{"@type":"ImageObject","inLanguage":"en-GB","@id":"https:\/\/comptronic.se\/#\/schema\/logo\/image\/","url":"https:\/\/comptronic.se\/wp-content\/uploads\/2026\/03\/cropped-Comptronic-logo-ny-bred.png","contentUrl":"https:\/\/comptronic.se\/wp-content\/uploads\/2026\/03\/cropped-Comptronic-logo-ny-bred.png","width":492,"height":164,"caption":"Comptronic AB"},"image":{"@id":"https:\/\/comptronic.se\/#\/schema\/logo\/image\/"}}]}},"_links":{"self":[{"href":"https:\/\/comptronic.se\/en\/wp-json\/wp\/v2\/pages\/486","targetHints":{"allow":["GET"]}}],"collection":[{"href":"https:\/\/comptronic.se\/en\/wp-json\/wp\/v2\/pages"}],"about":[{"href":"https:\/\/comptronic.se\/en\/wp-json\/wp\/v2\/types\/page"}],"author":[{"embeddable":true,"href":"https:\/\/comptronic.se\/en\/wp-json\/wp\/v2\/users\/1"}],"replies":[{"embeddable":true,"href":"https:\/\/comptronic.se\/en\/wp-json\/wp\/v2\/comments?post=486"}],"version-history":[{"count":10,"href":"https:\/\/comptronic.se\/en\/wp-json\/wp\/v2\/pages\/486\/revisions"}],"predecessor-version":[{"id":554,"href":"https:\/\/comptronic.se\/en\/wp-json\/wp\/v2\/pages\/486\/revisions\/554"}],"wp:attachment":[{"href":"https:\/\/comptronic.se\/en\/wp-json\/wp\/v2\/media?parent=486"}],"curies":[{"name":"wp","href":"https:\/\/api.w.org\/{rel}","templated":true}]}}