{"id":475,"date":"2026-03-22T16:33:35","date_gmt":"2026-03-22T15:33:35","guid":{"rendered":"https:\/\/comptronic.se\/?page_id=475"},"modified":"2026-04-20T09:10:45","modified_gmt":"2026-04-20T08:10:45","slug":"om-comptronic","status":"publish","type":"page","link":"https:\/\/comptronic.se\/en\/om-comptronic\/","title":{"rendered":"About Comptronic"},"content":{"rendered":"<div data-elementor-type=\"wp-page\" data-elementor-id=\"475\" class=\"elementor elementor-475\" data-elementor-post-type=\"page\">\n\t\t\t\t<div class=\"elementor-element elementor-element-5cd49f2 e-con-full e-flex e-con e-parent\" data-id=\"5cd49f2\" data-element_type=\"container\" data-e-type=\"container\" data-settings=\"{&quot;background_background&quot;:&quot;classic&quot;}\">\n\t\t\t\t<div class=\"elementor-element elementor-element-bd5a30d elementor-widget elementor-widget-heading\" data-id=\"bd5a30d\" data-element_type=\"widget\" data-e-type=\"widget\" data-widget_type=\"heading.default\">\n\t\t\t\t\t<h1 class=\"elementor-heading-title elementor-size-default\">Om Comptronic \u2013 technical expertise and long-term collaborations in electronics<\/h1>\t\t\t\t<\/div>\n\t\t\t\t<div class=\"elementor-element elementor-element-88a547b elementor-widget elementor-widget-heading\" data-id=\"88a547b\" data-element_type=\"widget\" data-e-type=\"widget\" data-widget_type=\"heading.default\">\n\t\t\t\t\t<h2 class=\"elementor-heading-title elementor-size-default\">Since 1989, Comptronic has been supplying electronic components and solutions to OEMs and contract manufacturers.\n\nWith a focus on quality, reliability, and close dialogue, we help our customers find the right components for their designs.<\/h2>\t\t\t\t<\/div>\n\t\t\t\t<\/div>\n\t\t<div class=\"elementor-element elementor-element-5fc468f e-con-full e-flex e-con e-parent\" data-id=\"5fc468f\" data-element_type=\"container\" data-e-type=\"container\">\n\t\t<div class=\"elementor-element elementor-element-4c708c6 e-con-full e-flex e-con e-child\" data-id=\"4c708c6\" data-element_type=\"container\" data-e-type=\"container\">\n\t\t\t\t<div class=\"elementor-element elementor-element-e2c0cde elementor-widget elementor-widget-heading\" data-id=\"e2c0cde\" data-element_type=\"widget\" data-e-type=\"widget\" data-widget_type=\"heading.default\">\n\t\t\t\t\t<h2 class=\"elementor-heading-title elementor-size-default\">Experience, stability and responsibility in every delivery<\/h2>\t\t\t\t<\/div>\n\t\t\t\t<div class=\"elementor-element elementor-element-ef323cd elementor-widget elementor-widget-text-editor\" data-id=\"ef323cd\" data-element_type=\"widget\" data-e-type=\"widget\" data-widget_type=\"text-editor.default\">\n\t\t\t\t\t\t\t\t\t<p data-start=\"892\" data-end=\"1129\">Comptronic is a privately owned and self-financed company with a long-term perspective on both business and relationships. Since its inception, we have built a stable business where technical expertise, continuity, and responsibility are central elements.<\/p><p data-start=\"1137\" data-end=\"1397\">We work closely with our customers and manufacturers to ensure that every delivery meets the requirements \u2013 both technically and commercially. At the same time, we uphold high business ethics and handle all information with the utmost care and confidentiality.<\/p><p data-start=\"1405\" data-end=\"1559\">Through established ways of working, stable systems, and long-standing collaborations, we can offer a trusted partner for companies that develop and produce electronics.<\/p>\t\t\t\t\t\t\t\t<\/div>\n\t\t\t\t<div class=\"elementor-element elementor-element-873c351 elementor-mobile-align-left elementor-widget elementor-widget-button\" data-id=\"873c351\" data-element_type=\"widget\" data-e-type=\"widget\" data-widget_type=\"button.default\">\n\t\t\t\t\t\t\t\t\t\t<a class=\"elementor-button elementor-button-link elementor-size-sm\" href=\"https:\/\/comptronic.se\/en\/kontakta-oss\/\">\n\t\t\t\t\t\t<span class=\"elementor-button-content-wrapper\">\n\t\t\t\t\t\t<span class=\"elementor-button-icon\">\n\t\t\t\t<svg aria-hidden=\"true\" class=\"e-font-icon-svg e-far-arrow-alt-circle-right\" viewbox=\"0 0 512 512\" xmlns=\"http:\/\/www.w3.org\/2000\/svg\"><path d=\"M504 256C504 119 393 8 256 8S8 119 8 256s111 248 248 248 248-111 248-248zm-448 0c0-110.5 89.5-200 200-200s200 89.5 200 200-89.5 200-200 200S56 366.5 56 256zm72 20v-40c0-6.6 5.4-12 12-12h116v-67c0-10.7 12.9-16 20.5-8.5l99 99c4.7 4.7 4.7 12.3 0 17l-99 99c-7.6 7.6-20.5 2.2-20.5-8.5v-67H140c-6.6 0-12-5.4-12-12z\"><\/path><\/svg>\t\t\t<\/span>\n\t\t\t\t\t\t\t\t\t<span class=\"elementor-button-text\">Contact technical advisor<\/span>\n\t\t\t\t\t<\/span>\n\t\t\t\t\t<\/a>\n\t\t\t\t\t\t\t\t<\/div>\n\t\t\t\t<\/div>\n\t\t<div class=\"elementor-element elementor-element-bd386dc e-con-full e-flex e-con e-child\" data-id=\"bd386dc\" data-element_type=\"container\" data-e-type=\"container\">\n\t\t\t\t<div class=\"elementor-element elementor-element-bb03a4e elementor-widget elementor-widget-image\" data-id=\"bb03a4e\" data-element_type=\"widget\" data-e-type=\"widget\" data-widget_type=\"image.default\">\n\t\t\t\t\t\t\t\t\t\t\t\t\t\t\t<img fetchpriority=\"high\" decoding=\"async\" width=\"500\" height=\"498\" src=\"https:\/\/comptronic.se\/wp-content\/uploads\/2026\/03\/Magnus-Wahlstrom.webp\" class=\"attachment-large size-large wp-image-478\" alt=\"\" srcset=\"https:\/\/comptronic.se\/wp-content\/uploads\/2026\/03\/Magnus-Wahlstrom.webp 500w, https:\/\/comptronic.se\/wp-content\/uploads\/2026\/03\/Magnus-Wahlstrom-300x300.webp 300w, https:\/\/comptronic.se\/wp-content\/uploads\/2026\/03\/Magnus-Wahlstrom-150x150.webp 150w\" sizes=\"(max-width: 500px) 100vw, 500px\" \/>\t\t\t\t\t\t\t\t\t\t\t\t\t\t\t<\/div>\n\t\t\t\t<div class=\"elementor-element elementor-element-100f169 elementor-widget elementor-widget-text-editor\" data-id=\"100f169\" data-element_type=\"widget\" data-e-type=\"widget\" data-widget_type=\"text-editor.default\">\n\t\t\t\t\t\t\t\t\t<h5 class=\"fw-semibold pb-m\">Magnus Wahlstr\u00f6m<\/h5><p class=\"fs-xs font-PlusJakartaSans mb-0\">Technical Sales Engineer<\/p>\t\t\t\t\t\t\t\t<\/div>\n\t\t\t\t<\/div>\n\t\t\t\t<\/div>\n\t\t<div class=\"elementor-element elementor-element-ccc3198 e-con-full e-flex e-con e-parent\" data-id=\"ccc3198\" data-element_type=\"container\" data-e-type=\"container\" data-settings=\"{&quot;background_background&quot;:&quot;classic&quot;}\">\n\t\t\t\t<div class=\"elementor-element elementor-element-90821f7 elementor-widget elementor-widget-heading\" data-id=\"90821f7\" data-element_type=\"widget\" data-e-type=\"widget\" data-widget_type=\"heading.default\">\n\t\t\t\t\t<h2 class=\"elementor-heading-title elementor-size-default\">This is why customers choose Comptronic<\/h2>\t\t\t\t<\/div>\n\t\t\t\t<div class=\"elementor-element elementor-element-7016f8e elementor-widget elementor-widget-text-editor\" data-id=\"7016f8e\" data-element_type=\"widget\" data-e-type=\"widget\" data-widget_type=\"text-editor.default\">\n\t\t\t\t\t\t\t\t\t<p>\u2714 Extensive experience and stable operations since 1989<br \/>\u2714 Close collaboration with both customers and manufacturers<br \/>\u2714 Responsibility throughout the supply chain<br \/>\u2714 High business ethics and handling of confidential information<br \/>\u2714 Personal contact with clear ownership in every dialogue<\/p><p>We view every collaboration as long-term and strive to be a reliable partner throughout the entire process \u2013 from initial contact to final delivery.<\/p>\t\t\t\t\t\t\t\t<\/div>\n\t\t\t\t<\/div>\n\t\t<div class=\"elementor-element elementor-element-8783678 e-con-full e-flex e-con e-parent\" data-id=\"8783678\" data-element_type=\"container\" data-e-type=\"container\" data-settings=\"{&quot;background_background&quot;:&quot;gradient&quot;}\">\n\t\t\t\t<div class=\"elementor-element elementor-element-535e881 elementor-widget elementor-widget-heading\" data-id=\"535e881\" data-element_type=\"widget\" data-e-type=\"widget\" data-widget_type=\"heading.default\">\n\t\t\t\t\t<h2 class=\"elementor-heading-title elementor-size-default\">Would you like to continue the dialogue?<\/h2>\t\t\t\t<\/div>\n\t\t\t\t<div class=\"elementor-element elementor-element-7274bb5 elementor-widget elementor-widget-text-editor\" data-id=\"7274bb5\" data-element_type=\"widget\" data-e-type=\"widget\" data-widget_type=\"text-editor.default\">\n\t\t\t\t\t\t\t\t\t<p>Whether you have a specific construction or just want to discuss a potential solution, you are welcome to contact us.<\/p>\t\t\t\t\t\t\t\t<\/div>\n\t\t\t\t<div class=\"elementor-element elementor-element-b9e0acb elementor-align-left elementor-widget elementor-widget-button\" data-id=\"b9e0acb\" data-element_type=\"widget\" data-e-type=\"widget\" data-widget_type=\"button.default\">\n\t\t\t\t\t\t\t\t\t\t<a class=\"elementor-button elementor-button-link elementor-size-sm\" href=\"https:\/\/comptronic.se\/en\/kontakta-oss\/\">\n\t\t\t\t\t\t<span class=\"elementor-button-content-wrapper\">\n\t\t\t\t\t\t<span class=\"elementor-button-icon\">\n\t\t\t\t<svg aria-hidden=\"true\" class=\"e-font-icon-svg e-far-arrow-alt-circle-right\" viewbox=\"0 0 512 512\" xmlns=\"http:\/\/www.w3.org\/2000\/svg\"><path d=\"M504 256C504 119 393 8 256 8S8 119 8 256s111 248 248 248 248-111 248-248zm-448 0c0-110.5 89.5-200 200-200s200 89.5 200 200-89.5 200-200 200S56 366.5 56 256zm72 20v-40c0-6.6 5.4-12 12-12h116v-67c0-10.7 12.9-16 20.5-8.5l99 99c4.7 4.7 4.7 12.3 0 17l-99 99c-7.6 7.6-20.5 2.2-20.5-8.5v-67H140c-6.6 0-12-5.4-12-12z\"><\/path><\/svg>\t\t\t<\/span>\n\t\t\t\t\t\t\t\t\t<span class=\"elementor-button-text\">Contact us<\/span>\n\t\t\t\t\t<\/span>\n\t\t\t\t\t<\/a>\n\t\t\t\t\t\t\t\t<\/div>\n\t\t\t\t<\/div>\n\t\t\t\t<\/div>","protected":false},"excerpt":{"rendered":"<p>Om Comptronic \u2013 teknisk kompetens och l\u00e5ngsiktiga samarbeten inom elektronik Sedan 1989 har Comptronic levererat elektronikkomponenter och l\u00f6sningar till OEM-f\u00f6retag [&hellip;]<\/p>\n","protected":false},"author":1,"featured_media":0,"parent":0,"menu_order":0,"comment_status":"closed","ping_status":"closed","template":"","meta":{"site-sidebar-layout":"no-sidebar","site-content-layout":"","ast-site-content-layout":"full-width-container","site-content-style":"default","site-sidebar-style":"default","ast-global-header-display":"","ast-banner-title-visibility":"","ast-main-header-display":"","ast-hfb-above-header-display":"","ast-hfb-below-header-display":"","ast-hfb-mobile-header-display":"","site-post-title":"","ast-breadcrumbs-content":"","ast-featured-img":"disabled","footer-sml-layout":"","ast-disable-related-posts":"","theme-transparent-header-meta":"","adv-header-id-meta":"","stick-header-meta":"","header-above-stick-meta":"","header-main-stick-meta":"","header-below-stick-meta":"","astra-migrate-meta-layouts":"default","ast-page-background-enabled":"default","ast-page-background-meta":{"desktop":{"background-color":"var(--ast-global-color-5)","background-image":"","background-repeat":"repeat","background-position":"center center","background-size":"auto","background-attachment":"scroll","background-type":"","background-media":"","overlay-type":"","overlay-color":"","overlay-opacity":"","overlay-gradient":""},"tablet":{"background-color":"","background-image":"","background-repeat":"repeat","background-position":"center center","background-size":"auto","background-attachment":"scroll","background-type":"","background-media":"","overlay-type":"","overlay-color":"","overlay-opacity":"","overlay-gradient":""},"mobile":{"background-color":"","background-image":"","background-repeat":"repeat","background-position":"center center","background-size":"auto","background-attachment":"scroll","background-type":"","background-media":"","overlay-type":"","overlay-color":"","overlay-opacity":"","overlay-gradient":""}},"ast-content-background-meta":{"desktop":{"background-color":"var(--ast-global-color-4)","background-image":"","background-repeat":"repeat","background-position":"center center","background-size":"auto","background-attachment":"scroll","background-type":"","background-media":"","overlay-type":"","overlay-color":"","overlay-opacity":"","overlay-gradient":""},"tablet":{"background-color":"var(--ast-global-color-4)","background-image":"","background-repeat":"repeat","background-position":"center center","background-size":"auto","background-attachment":"scroll","background-type":"","background-media":"","overlay-type":"","overlay-color":"","overlay-opacity":"","overlay-gradient":""},"mobile":{"background-color":"var(--ast-global-color-4)","background-image":"","background-repeat":"repeat","background-position":"center center","background-size":"auto","background-attachment":"scroll","background-type":"","background-media":"","overlay-type":"","overlay-color":"","overlay-opacity":"","overlay-gradient":""}},"footnotes":""},"class_list":["post-475","page","type-page","status-publish","hentry"],"yoast_head":"<!-- This site is optimized with the Yoast SEO plugin v27.4 - https:\/\/yoast.com\/product\/yoast-seo-wordpress\/ -->\n<title>Om Comptronic | teknisk kompetens &amp; l\u00e5ngsiktiga samarbeten<\/title>\n<meta name=\"description\" content=\"Sedan 1989 har Comptronic levererat elektronikkomponenter och l\u00f6sningar till OEM-f\u00f6retag och kontraktstillverkare.\" \/>\n<meta name=\"robots\" content=\"index, follow, max-snippet:-1, max-image-preview:large, max-video-preview:-1\" \/>\n<link rel=\"canonical\" href=\"https:\/\/comptronic.se\/en\/om-comptronic\/\" \/>\n<meta property=\"og:locale\" content=\"en_GB\" \/>\n<meta property=\"og:type\" content=\"article\" \/>\n<meta property=\"og:title\" content=\"Om Comptronic | teknisk kompetens &amp; l\u00e5ngsiktiga samarbeten\" \/>\n<meta property=\"og:description\" content=\"Sedan 1989 har Comptronic levererat elektronikkomponenter och l\u00f6sningar till OEM-f\u00f6retag och kontraktstillverkare.\" \/>\n<meta property=\"og:url\" content=\"https:\/\/comptronic.se\/en\/om-comptronic\/\" \/>\n<meta property=\"og:site_name\" content=\"Comptronic elektronikkomponenter\" \/>\n<meta property=\"article:modified_time\" content=\"2026-04-20T08:10:45+00:00\" \/>\n<meta property=\"og:image\" content=\"https:\/\/comptronic.se\/wp-content\/uploads\/2026\/03\/Magnus-Wahlstrom.webp\" \/>\n<meta name=\"twitter:card\" content=\"summary_large_image\" \/>\n<meta name=\"twitter:label1\" content=\"Estimated reading time\" \/>\n\t<meta name=\"twitter:data1\" content=\"2 minutes\" \/>\n<script type=\"application\/ld+json\" class=\"yoast-schema-graph\">{\"@context\":\"https:\\\/\\\/schema.org\",\"@graph\":[{\"@type\":\"WebPage\",\"@id\":\"https:\\\/\\\/comptronic.se\\\/om-comptronic\\\/\",\"url\":\"https:\\\/\\\/comptronic.se\\\/om-comptronic\\\/\",\"name\":\"Om Comptronic | teknisk kompetens & l\u00e5ngsiktiga samarbeten\",\"isPartOf\":{\"@id\":\"https:\\\/\\\/comptronic.se\\\/#website\"},\"primaryImageOfPage\":{\"@id\":\"https:\\\/\\\/comptronic.se\\\/om-comptronic\\\/#primaryimage\"},\"image\":{\"@id\":\"https:\\\/\\\/comptronic.se\\\/om-comptronic\\\/#primaryimage\"},\"thumbnailUrl\":\"https:\\\/\\\/comptronic.se\\\/wp-content\\\/uploads\\\/2026\\\/03\\\/Magnus-Wahlstrom.webp\",\"datePublished\":\"2026-03-22T15:33:35+00:00\",\"dateModified\":\"2026-04-20T08:10:45+00:00\",\"description\":\"Sedan 1989 har Comptronic levererat elektronikkomponenter och l\u00f6sningar till OEM-f\u00f6retag och kontraktstillverkare.\",\"breadcrumb\":{\"@id\":\"https:\\\/\\\/comptronic.se\\\/om-comptronic\\\/#breadcrumb\"},\"inLanguage\":\"en-GB\",\"potentialAction\":[{\"@type\":\"ReadAction\",\"target\":[\"https:\\\/\\\/comptronic.se\\\/om-comptronic\\\/\"]}]},{\"@type\":\"ImageObject\",\"inLanguage\":\"en-GB\",\"@id\":\"https:\\\/\\\/comptronic.se\\\/om-comptronic\\\/#primaryimage\",\"url\":\"https:\\\/\\\/comptronic.se\\\/wp-content\\\/uploads\\\/2026\\\/03\\\/Magnus-Wahlstrom.webp\",\"contentUrl\":\"https:\\\/\\\/comptronic.se\\\/wp-content\\\/uploads\\\/2026\\\/03\\\/Magnus-Wahlstrom.webp\"},{\"@type\":\"BreadcrumbList\",\"@id\":\"https:\\\/\\\/comptronic.se\\\/om-comptronic\\\/#breadcrumb\",\"itemListElement\":[{\"@type\":\"ListItem\",\"position\":1,\"name\":\"Hem\",\"item\":\"https:\\\/\\\/comptronic.se\\\/\"},{\"@type\":\"ListItem\",\"position\":2,\"name\":\"Om Comptronic\"}]},{\"@type\":\"WebSite\",\"@id\":\"https:\\\/\\\/comptronic.se\\\/#website\",\"url\":\"https:\\\/\\\/comptronic.se\\\/\",\"name\":\"Comtronic - kretskortsmonterade elektronikkomponenter\",\"description\":\"\",\"publisher\":{\"@id\":\"https:\\\/\\\/comptronic.se\\\/#organization\"},\"potentialAction\":[{\"@type\":\"SearchAction\",\"target\":{\"@type\":\"EntryPoint\",\"urlTemplate\":\"https:\\\/\\\/comptronic.se\\\/?s={search_term_string}\"},\"query-input\":{\"@type\":\"PropertyValueSpecification\",\"valueRequired\":true,\"valueName\":\"search_term_string\"}}],\"inLanguage\":\"en-GB\"},{\"@type\":\"Organization\",\"@id\":\"https:\\\/\\\/comptronic.se\\\/#organization\",\"name\":\"Comptronic AB\",\"url\":\"https:\\\/\\\/comptronic.se\\\/\",\"logo\":{\"@type\":\"ImageObject\",\"inLanguage\":\"en-GB\",\"@id\":\"https:\\\/\\\/comptronic.se\\\/#\\\/schema\\\/logo\\\/image\\\/\",\"url\":\"https:\\\/\\\/comptronic.se\\\/wp-content\\\/uploads\\\/2026\\\/03\\\/cropped-Comptronic-logo-ny-bred.png\",\"contentUrl\":\"https:\\\/\\\/comptronic.se\\\/wp-content\\\/uploads\\\/2026\\\/03\\\/cropped-Comptronic-logo-ny-bred.png\",\"width\":492,\"height\":164,\"caption\":\"Comptronic AB\"},\"image\":{\"@id\":\"https:\\\/\\\/comptronic.se\\\/#\\\/schema\\\/logo\\\/image\\\/\"}}]}<\/script>\n<!-- \/ Yoast SEO plugin. -->","yoast_head_json":{"title":"Om Comptronic | teknisk kompetens & l\u00e5ngsiktiga samarbeten","description":"Sedan 1989 har Comptronic levererat elektronikkomponenter och l\u00f6sningar till OEM-f\u00f6retag och kontraktstillverkare.","robots":{"index":"index","follow":"follow","max-snippet":"max-snippet:-1","max-image-preview":"max-image-preview:large","max-video-preview":"max-video-preview:-1"},"canonical":"https:\/\/comptronic.se\/en\/om-comptronic\/","og_locale":"en_GB","og_type":"article","og_title":"Om Comptronic | teknisk kompetens & l\u00e5ngsiktiga samarbeten","og_description":"Sedan 1989 har Comptronic levererat elektronikkomponenter och l\u00f6sningar till OEM-f\u00f6retag och kontraktstillverkare.","og_url":"https:\/\/comptronic.se\/en\/om-comptronic\/","og_site_name":"Comptronic elektronikkomponenter","article_modified_time":"2026-04-20T08:10:45+00:00","og_image":[{"url":"https:\/\/comptronic.se\/wp-content\/uploads\/2026\/03\/Magnus-Wahlstrom.webp","type":"","width":"","height":""}],"twitter_card":"summary_large_image","twitter_misc":{"Estimated reading time":"2 minutes"},"schema":{"@context":"https:\/\/schema.org","@graph":[{"@type":"WebPage","@id":"https:\/\/comptronic.se\/om-comptronic\/","url":"https:\/\/comptronic.se\/om-comptronic\/","name":"Om Comptronic | teknisk kompetens & l\u00e5ngsiktiga samarbeten","isPartOf":{"@id":"https:\/\/comptronic.se\/#website"},"primaryImageOfPage":{"@id":"https:\/\/comptronic.se\/om-comptronic\/#primaryimage"},"image":{"@id":"https:\/\/comptronic.se\/om-comptronic\/#primaryimage"},"thumbnailUrl":"https:\/\/comptronic.se\/wp-content\/uploads\/2026\/03\/Magnus-Wahlstrom.webp","datePublished":"2026-03-22T15:33:35+00:00","dateModified":"2026-04-20T08:10:45+00:00","description":"Sedan 1989 har Comptronic levererat elektronikkomponenter och l\u00f6sningar till OEM-f\u00f6retag och kontraktstillverkare.","breadcrumb":{"@id":"https:\/\/comptronic.se\/om-comptronic\/#breadcrumb"},"inLanguage":"en-GB","potentialAction":[{"@type":"ReadAction","target":["https:\/\/comptronic.se\/om-comptronic\/"]}]},{"@type":"ImageObject","inLanguage":"en-GB","@id":"https:\/\/comptronic.se\/om-comptronic\/#primaryimage","url":"https:\/\/comptronic.se\/wp-content\/uploads\/2026\/03\/Magnus-Wahlstrom.webp","contentUrl":"https:\/\/comptronic.se\/wp-content\/uploads\/2026\/03\/Magnus-Wahlstrom.webp"},{"@type":"BreadcrumbList","@id":"https:\/\/comptronic.se\/om-comptronic\/#breadcrumb","itemListElement":[{"@type":"ListItem","position":1,"name":"Hem","item":"https:\/\/comptronic.se\/"},{"@type":"ListItem","position":2,"name":"Om Comptronic"}]},{"@type":"WebSite","@id":"https:\/\/comptronic.se\/#website","url":"https:\/\/comptronic.se\/","name":"Comtronic - kretskortsmonterade elektronikkomponenter","description":"","publisher":{"@id":"https:\/\/comptronic.se\/#organization"},"potentialAction":[{"@type":"SearchAction","target":{"@type":"EntryPoint","urlTemplate":"https:\/\/comptronic.se\/?s={search_term_string}"},"query-input":{"@type":"PropertyValueSpecification","valueRequired":true,"valueName":"search_term_string"}}],"inLanguage":"en-GB"},{"@type":"Organization","@id":"https:\/\/comptronic.se\/#organization","name":"Comptronic AB","url":"https:\/\/comptronic.se\/","logo":{"@type":"ImageObject","inLanguage":"en-GB","@id":"https:\/\/comptronic.se\/#\/schema\/logo\/image\/","url":"https:\/\/comptronic.se\/wp-content\/uploads\/2026\/03\/cropped-Comptronic-logo-ny-bred.png","contentUrl":"https:\/\/comptronic.se\/wp-content\/uploads\/2026\/03\/cropped-Comptronic-logo-ny-bred.png","width":492,"height":164,"caption":"Comptronic AB"},"image":{"@id":"https:\/\/comptronic.se\/#\/schema\/logo\/image\/"}}]}},"_links":{"self":[{"href":"https:\/\/comptronic.se\/en\/wp-json\/wp\/v2\/pages\/475","targetHints":{"allow":["GET"]}}],"collection":[{"href":"https:\/\/comptronic.se\/en\/wp-json\/wp\/v2\/pages"}],"about":[{"href":"https:\/\/comptronic.se\/en\/wp-json\/wp\/v2\/types\/page"}],"author":[{"embeddable":true,"href":"https:\/\/comptronic.se\/en\/wp-json\/wp\/v2\/users\/1"}],"replies":[{"embeddable":true,"href":"https:\/\/comptronic.se\/en\/wp-json\/wp\/v2\/comments?post=475"}],"version-history":[{"count":7,"href":"https:\/\/comptronic.se\/en\/wp-json\/wp\/v2\/pages\/475\/revisions"}],"predecessor-version":[{"id":637,"href":"https:\/\/comptronic.se\/en\/wp-json\/wp\/v2\/pages\/475\/revisions\/637"}],"wp:attachment":[{"href":"https:\/\/comptronic.se\/en\/wp-json\/wp\/v2\/media?parent=475"}],"curies":[{"name":"wp","href":"https:\/\/api.w.org\/{rel}","templated":true}]}}